{"id":7179,"date":"2021-06-12T18:40:25","date_gmt":"2021-06-12T16:40:25","guid":{"rendered":"https:\/\/russafaescenica.com\/?page_id=7179"},"modified":"2025-11-10T16:54:42","modified_gmt":"2025-11-10T14:54:42","slug":"via-escenica","status":"publish","type":"page","link":"https:\/\/russafaescenica.com\/es\/via-escenica\/","title":{"rendered":"V\u00eda Esc\u00e9nica"},"content":{"rendered":"\n<p style=\"text-align: left;\">En 2021 el festival Russafa Esc\u00e8nica cre\u00f3 VIA ESC\u00c8NICA, un programa de residencias art\u00edsticas para los creadores de las piezas cortas del festival, con el fin de crear redes con nuevos espacios de producci\u00f3n y exhibici\u00f3n y convertirse en una herramienta de participaci\u00f3n ciudadana y de descentralizaci\u00f3n de las artes esc\u00e9nicas.<\/p>\n<p style=\"text-align: left;\">Una red de 10 municipios acoge en residencia art\u00edstica, durante el mes de julio, un colectivo de artistas que han sido seleccionados en la convocatoria p\u00fablica para piezas cortas valencianas que abre el Festival cada a\u00f1o. Durante este periodo de residencia, el equipo de mediaci\u00f3n organiza, con la complicidad de los artistas, dos sesiones de mediaci\u00f3n que hacen conocer el proyecto a un grupo de ciudadanos del municipio, acercando estas poblaciones a los procesos de creaci\u00f3n que desarrollan los artistas en sus estancias.<\/p>\n<p style=\"text-align: left;\">M\u00e1s tarde, durante el periodo de actuaciones de las piezas cortas dentro del Festival, los grupos que participaron en las mediaciones asisten a las representaciones de todas las piezas cortas del Festival, excepto aquellas que han residido en su municipio, y despu\u00e9s de un periodo deliberativo, eligen 2 piezas cortas que junto a la propia residente son programadas en el municipio, en una sesi\u00f3n de un d\u00eda dentro de la programaci\u00f3n cultural del municipio.<\/p>\n\n\n<p>Algunos de los \u00e9xitos que ha conseguido VIA ESC\u00c8NICA hasta el momento:<\/p>\n<ul>\n<li>Acercar un tipo de creaci\u00f3n, de corta duraci\u00f3n (30 minutos cada pieza) y emergente, a un p\u00fablico que por estar alejado de la capital no podr\u00eda acceder a \u00e9l Facilitar a las compa\u00f1\u00edas emergentes un espacio para desarrollar su propuesta esc\u00e9nica<\/li>\n<li>Potenciar la movilidad de la creaci\u00f3n emergente de artes esc\u00e9nicas fuera de la ciudad de Val\u00e8ncia, donde su perspectiva de intervenci\u00f3n es muy reducida<\/li>\n<li>Hacer part\u00edcipes a los agentes culturales cl\u00e1sicos (t\u00e9cnicos de cultura &#8211; programadores) de nuevas maneras de articular la captaci\u00f3n de p\u00fablicos y la interacci\u00f3n con la ciudadan\u00eda<\/li>\n<li>Fomentar la participaci\u00f3n ciudadana<\/li>\n<li>Activar a las poblaciones de los municipios como agentes part\u00edcipes de la pol\u00edtica cultural<\/li>\n<li>Introducir la pr\u00e1ctica de la mediaci\u00f3n y el encuentro dentro del proceso creativo en territorios que carec\u00edan de estas herramientas o que eran puntuales<\/li>\n<li>Favorecer la creaci\u00f3n de nuevos p\u00fablicos<\/li>\n<li>Poner en contacto, de manera activa, a las\/los creadores y su p\u00fablico potencial<\/li>\n<li>Crear una red de distribuci\u00f3n de artes esc\u00e9nicas entre los municipios participantes, potenciando la movilidad de las creadoras de la ciudad<\/li>\n<li>Fidelizar al p\u00fablico de artes esc\u00e9nicas en los espacios de exhibici\u00f3n de su propio municipio y potenciar la ciudad como lugar de referencia art\u00edstica<\/li>\n<\/ul>\n<p><span style=\"font-weight: 400;\">PARA SEGUIR ATENTAS A LAS PROGRAMACIONES DE CADA MUNICIPIO Y A TODA NUESTRA ACTIVIDAD, S\u00cdGUENOS EN <\/span><a href=\"https:\/\/www.instagram.com\/via_escenica\/\"><span style=\"font-weight: 400;\">INSTAGRAM<\/span><\/a><\/p>","protected":false},"excerpt":{"rendered":"<p>En 2021 el festival Russafa Esc\u00e8nica cre\u00f3 VIA ESC\u00c8NICA, un programa de residencias art\u00edsticas para los creadores de las piezas &hellip; <a href=\"https:\/\/russafaescenica.com\/es\/via-escenica\/\">Continued<\/a><\/p>\n","protected":false},"author":1,"featured_media":7182,"parent":0,"menu_order":4,"comment_status":"closed","ping_status":"closed","template":"template-via_escenica.php","meta":{"_acf_changed":false,"inline_featured_image":false,"footnotes":""},"class_list":["post-7179","page","type-page","status-publish","has-post-thumbnail","hentry"],"acf":[],"_links":{"self":[{"href":"https:\/\/russafaescenica.com\/es\/wp-json\/wp\/v2\/pages\/7179","targetHints":{"allow":["GET"]}}],"collection":[{"href":"https:\/\/russafaescenica.com\/es\/wp-json\/wp\/v2\/pages"}],"about":[{"href":"https:\/\/russafaescenica.com\/es\/wp-json\/wp\/v2\/types\/page"}],"author":[{"embeddable":true,"href":"https:\/\/russafaescenica.com\/es\/wp-json\/wp\/v2\/users\/1"}],"replies":[{"embeddable":true,"href":"https:\/\/russafaescenica.com\/es\/wp-json\/wp\/v2\/comments?post=7179"}],"version-history":[{"count":23,"href":"https:\/\/russafaescenica.com\/es\/wp-json\/wp\/v2\/pages\/7179\/revisions"}],"predecessor-version":[{"id":11978,"href":"https:\/\/russafaescenica.com\/es\/wp-json\/wp\/v2\/pages\/7179\/revisions\/11978"}],"wp:featuredmedia":[{"embeddable":true,"href":"https:\/\/russafaescenica.com\/es\/wp-json\/wp\/v2\/media\/7182"}],"wp:attachment":[{"href":"https:\/\/russafaescenica.com\/es\/wp-json\/wp\/v2\/media?parent=7179"}],"curies":[{"name":"wp","href":"https:\/\/api.w.org\/{rel}","templated":true}]}}