{"id":6679,"date":"2020-08-14T10:24:32","date_gmt":"2020-08-14T08:24:32","guid":{"rendered":"https:\/\/russafaescenica.com\/?page_id=6679"},"modified":"2024-08-20T17:04:22","modified_gmt":"2024-08-20T15:04:22","slug":"progact-actividades-paralelas","status":"publish","type":"page","link":"https:\/\/russafaescenica.com\/es\/programacion-actividades\/progact-actividades-paralelas\/","title":{"rendered":"Actividades Paralelas"},"content":{"rendered":"\n<p><span style=\"color: #666666; font-family: Raleway, sans-serif; font-size: 19.95px;\">Lecturas dramatizadas, conciertos, debates en torno al lema de la edici\u00f3n, cursos, encuentros entre gestores y artistas, premios\u2026 Actividades que complementan a la programaci\u00f3n en cada una de las ediciones del Festival. Actividades sat\u00e9lite que refuerzan cada una de las ediciones de Russafa Esc\u00e8nica.<\/span><\/p>\n","protected":false},"excerpt":{"rendered":"<p>Lecturas dramatizadas, conciertos, debates en torno al lema de la edici\u00f3n, cursos, encuentros entre gestores y artistas, premios\u2026 Actividades que &hellip; <a href=\"https:\/\/russafaescenica.com\/es\/programacion-actividades\/progact-actividades-paralelas\/\">Continued<\/a><\/p>\n","protected":false},"author":1,"featured_media":4618,"parent":6674,"menu_order":38,"comment_status":"closed","ping_status":"closed","template":"template-actividades.php","meta":{"_acf_changed":false,"inline_featured_image":false,"footnotes":""},"class_list":["post-6679","page","type-page","status-publish","has-post-thumbnail","hentry"],"acf":[],"_links":{"self":[{"href":"https:\/\/russafaescenica.com\/es\/wp-json\/wp\/v2\/pages\/6679","targetHints":{"allow":["GET"]}}],"collection":[{"href":"https:\/\/russafaescenica.com\/es\/wp-json\/wp\/v2\/pages"}],"about":[{"href":"https:\/\/russafaescenica.com\/es\/wp-json\/wp\/v2\/types\/page"}],"author":[{"embeddable":true,"href":"https:\/\/russafaescenica.com\/es\/wp-json\/wp\/v2\/users\/1"}],"replies":[{"embeddable":true,"href":"https:\/\/russafaescenica.com\/es\/wp-json\/wp\/v2\/comments?post=6679"}],"version-history":[{"count":13,"href":"https:\/\/russafaescenica.com\/es\/wp-json\/wp\/v2\/pages\/6679\/revisions"}],"predecessor-version":[{"id":10894,"href":"https:\/\/russafaescenica.com\/es\/wp-json\/wp\/v2\/pages\/6679\/revisions\/10894"}],"up":[{"embeddable":true,"href":"https:\/\/russafaescenica.com\/es\/wp-json\/wp\/v2\/pages\/6674"}],"wp:featuredmedia":[{"embeddable":true,"href":"https:\/\/russafaescenica.com\/es\/wp-json\/wp\/v2\/media\/4618"}],"wp:attachment":[{"href":"https:\/\/russafaescenica.com\/es\/wp-json\/wp\/v2\/media?parent=6679"}],"curies":[{"name":"wp","href":"https:\/\/api.w.org\/{rel}","templated":true}]}}