{"id":6676,"date":"2020-08-14T10:23:02","date_gmt":"2020-08-14T08:23:02","guid":{"rendered":"https:\/\/russafaescenica.com\/?page_id=6676"},"modified":"2024-07-19T20:39:32","modified_gmt":"2024-07-19T18:39:32","slug":"progact-programacion","status":"publish","type":"page","link":"https:\/\/russafaescenica.com\/es\/programacion-actividades\/progact-programacion\/","title":{"rendered":"Programaci\u00f3n"},"content":{"rendered":"\n<p>Programaci\u00f3n de piezas esc\u00e9nicas breves -viveros-, y largas -bosques-, en todo tipo de espacios de la ciudad de Val\u00e8ncia.<\/p>\n","protected":false},"excerpt":{"rendered":"<p>Programaci\u00f3n de piezas esc\u00e9nicas breves -viveros-, y largas -bosques-, en todo tipo de espacios de la ciudad de Val\u00e8ncia.<\/p>\n","protected":false},"author":1,"featured_media":4613,"parent":6674,"menu_order":23,"comment_status":"closed","ping_status":"closed","template":"template-programacion_2024.php","meta":{"_acf_changed":false,"inline_featured_image":false,"footnotes":""},"class_list":["post-6676","page","type-page","status-publish","has-post-thumbnail","hentry"],"acf":[],"_links":{"self":[{"href":"https:\/\/russafaescenica.com\/es\/wp-json\/wp\/v2\/pages\/6676","targetHints":{"allow":["GET"]}}],"collection":[{"href":"https:\/\/russafaescenica.com\/es\/wp-json\/wp\/v2\/pages"}],"about":[{"href":"https:\/\/russafaescenica.com\/es\/wp-json\/wp\/v2\/types\/page"}],"author":[{"embeddable":true,"href":"https:\/\/russafaescenica.com\/es\/wp-json\/wp\/v2\/users\/1"}],"replies":[{"embeddable":true,"href":"https:\/\/russafaescenica.com\/es\/wp-json\/wp\/v2\/comments?post=6676"}],"version-history":[{"count":27,"href":"https:\/\/russafaescenica.com\/es\/wp-json\/wp\/v2\/pages\/6676\/revisions"}],"predecessor-version":[{"id":9702,"href":"https:\/\/russafaescenica.com\/es\/wp-json\/wp\/v2\/pages\/6676\/revisions\/9702"}],"up":[{"embeddable":true,"href":"https:\/\/russafaescenica.com\/es\/wp-json\/wp\/v2\/pages\/6674"}],"wp:featuredmedia":[{"embeddable":true,"href":"https:\/\/russafaescenica.com\/es\/wp-json\/wp\/v2\/media\/4613"}],"wp:attachment":[{"href":"https:\/\/russafaescenica.com\/es\/wp-json\/wp\/v2\/media?parent=6676"}],"curies":[{"name":"wp","href":"https:\/\/api.w.org\/{rel}","templated":true}]}}