{"id":4601,"date":"2019-04-04T18:20:27","date_gmt":"2019-04-04T16:20:27","guid":{"rendered":"https:\/\/russafaescenica.com\/?page_id=4601"},"modified":"2020-07-08T09:46:44","modified_gmt":"2020-07-08T07:46:44","slug":"russafa-out","status":"publish","type":"page","link":"https:\/\/russafaescenica.com\/es\/programacion\/russafa-out\/","title":{"rendered":"Out"},"content":{"rendered":"<p>Programaci\u00f3n y piezas esc\u00e9nicas en espacios esc\u00e9nicos\u00a0mayoritariamente no convencionales\u00a0fuera del barrio de Russafa.<\/p>\n<p><strong>\u00a0(Bosques)<\/strong> Piezas esc\u00e9nicas largas de la Comunitat Valenciana, nacionales e internacionales. <strong>(Jard\u00edn esc\u00e9nico)<\/strong> Micro piezas esc\u00e9nicas.\u00a0<strong>(Semillero esc\u00e9nico)<\/strong> Lecturas dramatizadas. <strong>(Parterre)<\/strong> Talleres inclusivos con muestra final.<\/p>\n","protected":false},"excerpt":{"rendered":"<p>Programaci\u00f3n y piezas esc\u00e9nicas en espacios esc\u00e9nicos\u00a0mayoritariamente no convencionales\u00a0fuera del barrio de Russafa. \u00a0(Bosques) Piezas esc\u00e9nicas largas de la Comunitat &hellip; <a href=\"https:\/\/russafaescenica.com\/es\/programacion\/russafa-out\/\">Continued<\/a><\/p>\n","protected":false},"author":1,"featured_media":4616,"parent":126,"menu_order":95,"comment_status":"closed","ping_status":"closed","template":"template-in_out_act.php","meta":{"_acf_changed":false,"inline_featured_image":false,"footnotes":""},"class_list":["post-4601","page","type-page","status-publish","has-post-thumbnail","hentry"],"acf":[],"_links":{"self":[{"href":"https:\/\/russafaescenica.com\/es\/wp-json\/wp\/v2\/pages\/4601","targetHints":{"allow":["GET"]}}],"collection":[{"href":"https:\/\/russafaescenica.com\/es\/wp-json\/wp\/v2\/pages"}],"about":[{"href":"https:\/\/russafaescenica.com\/es\/wp-json\/wp\/v2\/types\/page"}],"author":[{"embeddable":true,"href":"https:\/\/russafaescenica.com\/es\/wp-json\/wp\/v2\/users\/1"}],"replies":[{"embeddable":true,"href":"https:\/\/russafaescenica.com\/es\/wp-json\/wp\/v2\/comments?post=4601"}],"version-history":[{"count":13,"href":"https:\/\/russafaescenica.com\/es\/wp-json\/wp\/v2\/pages\/4601\/revisions"}],"predecessor-version":[{"id":6374,"href":"https:\/\/russafaescenica.com\/es\/wp-json\/wp\/v2\/pages\/4601\/revisions\/6374"}],"up":[{"embeddable":true,"href":"https:\/\/russafaescenica.com\/es\/wp-json\/wp\/v2\/pages\/126"}],"wp:featuredmedia":[{"embeddable":true,"href":"https:\/\/russafaescenica.com\/es\/wp-json\/wp\/v2\/media\/4616"}],"wp:attachment":[{"href":"https:\/\/russafaescenica.com\/es\/wp-json\/wp\/v2\/media?parent=4601"}],"curies":[{"name":"wp","href":"https:\/\/api.w.org\/{rel}","templated":true}]}}