{"id":2955,"date":"2018-02-06T17:32:59","date_gmt":"2018-02-06T15:32:59","guid":{"rendered":"https:\/\/russafaescenica.com\/?page_id=2955"},"modified":"2020-11-30T18:58:45","modified_gmt":"2020-11-30T16:58:45","slug":"cifras","status":"publish","type":"page","link":"https:\/\/russafaescenica.com\/es\/portal-de-transparencia\/cifras\/","title":{"rendered":"Cifras"},"content":{"rendered":"<h4>N\u00famero de propuestas estrenadas en todas sus ediciones\u00a0152 estrenos absolutos<\/h4>\n<p>El FESTIVAL RUSSAFA ESC\u00c8NICA. FESTIVAL DE TARDOR, ha conseguido cifras tanto de p\u00fablico como de propuestas estrenadas que ning\u00fan festival de la Comunidad Valenciana, y muy pocos del resto del estado espa\u00f1ol de formato similar, ha conseguido nunca.<\/p>\n<p>A continuaci\u00f3n presentamos las cifras de las 9 ediciones realizadas hasta el momento.<br \/>\nComo se puede ver miles de personas han podido disfrutar en estos a\u00f1os de las propuestas esc\u00e9nicas que el festival ha ofrecido en espacios singulares dentro y fuera del barrio de Ruzafa de Valencia.<\/p>\n","protected":false},"excerpt":{"rendered":"<p>N\u00famero de propuestas estrenadas en todas sus ediciones\u00a0152 estrenos absolutos El FESTIVAL RUSSAFA ESC\u00c8NICA. FESTIVAL DE TARDOR, ha conseguido cifras &hellip; <a href=\"https:\/\/russafaescenica.com\/es\/portal-de-transparencia\/cifras\/\">Continued<\/a><\/p>\n","protected":false},"author":1,"featured_media":2040,"parent":7000,"menu_order":14,"comment_status":"closed","ping_status":"closed","template":"template-portal_cifras.php","meta":{"_acf_changed":false,"inline_featured_image":false,"footnotes":""},"class_list":["post-2955","page","type-page","status-publish","has-post-thumbnail","hentry"],"acf":[],"_links":{"self":[{"href":"https:\/\/russafaescenica.com\/es\/wp-json\/wp\/v2\/pages\/2955","targetHints":{"allow":["GET"]}}],"collection":[{"href":"https:\/\/russafaescenica.com\/es\/wp-json\/wp\/v2\/pages"}],"about":[{"href":"https:\/\/russafaescenica.com\/es\/wp-json\/wp\/v2\/types\/page"}],"author":[{"embeddable":true,"href":"https:\/\/russafaescenica.com\/es\/wp-json\/wp\/v2\/users\/1"}],"replies":[{"embeddable":true,"href":"https:\/\/russafaescenica.com\/es\/wp-json\/wp\/v2\/comments?post=2955"}],"version-history":[{"count":4,"href":"https:\/\/russafaescenica.com\/es\/wp-json\/wp\/v2\/pages\/2955\/revisions"}],"predecessor-version":[{"id":7009,"href":"https:\/\/russafaescenica.com\/es\/wp-json\/wp\/v2\/pages\/2955\/revisions\/7009"}],"up":[{"embeddable":true,"href":"https:\/\/russafaescenica.com\/es\/wp-json\/wp\/v2\/pages\/7000"}],"wp:featuredmedia":[{"embeddable":true,"href":"https:\/\/russafaescenica.com\/es\/wp-json\/wp\/v2\/media\/2040"}],"wp:attachment":[{"href":"https:\/\/russafaescenica.com\/es\/wp-json\/wp\/v2\/media?parent=2955"}],"curies":[{"name":"wp","href":"https:\/\/api.w.org\/{rel}","templated":true}]}}