{"id":2308,"date":"2017-12-27T19:23:44","date_gmt":"2017-12-27T19:23:44","guid":{"rendered":"https:\/\/russafaescenica.com\/?page_id=2308"},"modified":"2020-09-15T21:59:39","modified_gmt":"2020-09-15T19:59:39","slug":"apadrinanos","status":"publish","type":"page","link":"https:\/\/russafaescenica.com\/es\/participa\/apadrinanos\/","title":{"rendered":"Apadr\u00ednanos"},"content":{"rendered":"<h4>\u00bfTE GUSTA NUESTRO PROYECTO?, \u00bfQUIERES Y PUEDES CONVERTIRTE EN SPONSOR O MECENAS DE NUESTRO FESTIVAL? ESTE ES EL LUGAR\u2026<\/h4>\n<p>Russafa Esc\u00e8nica&nbsp;es un Festival sin \u00e1nimo de lucro que es posible gracias a las personas que con sus donaciones, trabajo y colaboraci\u00f3n desinteresada hacen posible este sue\u00f1o.<\/p>\n<p>Y como los que hacemos este festival somos de los que pensamos que los sue\u00f1os los hacen posibles personas con nombre y apellido, pedimos tu ayuda; tanto si eres una persona f\u00edsica, como una asociaci\u00f3n, una instituci\u00f3n p\u00fablica, una fundaci\u00f3n, una empresa privada grande o peque\u00f1a\u2026 estaremos encantados de que nos apadrines\u2026 \u00bfQu\u00e9 te ofrecemos a cambio? Pues que seas nuestro sponsor, est\u00e9s presente en nuestros graf\u00edsmos o cualquier otra cosa que a ti se te ocurra.<\/p>\n<p>Cualquier donaci\u00f3n, cesi\u00f3n de espacios, material de oficina, aportaci\u00f3n o ayuda econ\u00f3mica desde un euro\u2026 har\u00e1 posible que este festival sea un poco m\u00e1s s\u00f3lido.<\/p>\n<h5>Gracias por apoyar&nbsp;Russafa Esc\u00e8nica.<\/h5>\n<h5>Gracias por apoyar al Festival de las personas.<\/h5>\n","protected":false},"excerpt":{"rendered":"<p>\u00bfTE GUSTA NUESTRO PROYECTO?, \u00bfQUIERES Y PUEDES CONVERTIRTE EN SPONSOR O MECENAS DE NUESTRO FESTIVAL? ESTE ES EL LUGAR\u2026 Russafa &hellip; <a href=\"https:\/\/russafaescenica.com\/es\/participa\/apadrinanos\/\">Continued<\/a><\/p>\n","protected":false},"author":1,"featured_media":2720,"parent":124,"menu_order":75,"comment_status":"closed","ping_status":"closed","template":"template-participa_simple.php","meta":{"_acf_changed":false,"inline_featured_image":false,"footnotes":""},"class_list":["post-2308","page","type-page","status-publish","has-post-thumbnail","hentry"],"acf":[],"_links":{"self":[{"href":"https:\/\/russafaescenica.com\/es\/wp-json\/wp\/v2\/pages\/2308","targetHints":{"allow":["GET"]}}],"collection":[{"href":"https:\/\/russafaescenica.com\/es\/wp-json\/wp\/v2\/pages"}],"about":[{"href":"https:\/\/russafaescenica.com\/es\/wp-json\/wp\/v2\/types\/page"}],"author":[{"embeddable":true,"href":"https:\/\/russafaescenica.com\/es\/wp-json\/wp\/v2\/users\/1"}],"replies":[{"embeddable":true,"href":"https:\/\/russafaescenica.com\/es\/wp-json\/wp\/v2\/comments?post=2308"}],"version-history":[{"count":17,"href":"https:\/\/russafaescenica.com\/es\/wp-json\/wp\/v2\/pages\/2308\/revisions"}],"predecessor-version":[{"id":6844,"href":"https:\/\/russafaescenica.com\/es\/wp-json\/wp\/v2\/pages\/2308\/revisions\/6844"}],"up":[{"embeddable":true,"href":"https:\/\/russafaescenica.com\/es\/wp-json\/wp\/v2\/pages\/124"}],"wp:featuredmedia":[{"embeddable":true,"href":"https:\/\/russafaescenica.com\/es\/wp-json\/wp\/v2\/media\/2720"}],"wp:attachment":[{"href":"https:\/\/russafaescenica.com\/es\/wp-json\/wp\/v2\/media?parent=2308"}],"curies":[{"name":"wp","href":"https:\/\/api.w.org\/{rel}","templated":true}]}}