{"id":2306,"date":"2017-12-27T19:23:13","date_gmt":"2017-12-27T17:23:13","guid":{"rendered":"https:\/\/russafaescenica.com\/?page_id=2306"},"modified":"2025-04-12T08:56:15","modified_gmt":"2025-04-12T06:56:15","slug":"voluntariado","status":"publish","type":"page","link":"https:\/\/russafaescenica.com\/es\/participa\/voluntariado\/","title":{"rendered":"Voluntariado"},"content":{"rendered":"\n<h4 class=\"wp-block-heading\">\u00bfQUIERES SER VOLUNTARIO DE RUSSAFA ESC\u00c8NICA ?<\/h4>\n\n\n\n<p>Para Russafa Esc\u00e9nica es muy importante la figura de voluntario@ cultural como agente de conexi\u00f3n entre el festival y la ciudadan\u00eda, as\u00ed como su apoyo y ayuda al equipo organizador y a las compa\u00f1\u00edas participantes.<\/p>\n\n\n\n<p>Necesitamos personas responsables y comprometidas con la cultura, con ganas de participar, conocer gente y vivir una experiencia inolvidable con nosotros.<\/p>\n\n\n\n<h4 class=\"wp-block-heading\">Disponibilidad de horarios<\/h4>\n\n\n\n<p>Durante los d\u00edas del festival del <strong>18 al 28 de septiembre 2025<\/strong>, por motivos de organizaci\u00f3n, no podremos contar con aquellas personas que tengan una disponibilidad inferior a 10 horas comprendidas entre los d\u00edas de duraci\u00f3n del festival y aquellas que no tengan disponibilidad entre las <strong>17 y 22h<\/strong>:<\/p>\n\n\n\n<p>La Fecha tope para apuntarse ser\u00e1 el <strong>7 de septiembre de 2025<\/strong><br><strong>Reuni\u00f3n el 10 de septiembre a las 19h en el centro de Juventud de Russafa<\/strong><\/p>\n","protected":false},"excerpt":{"rendered":"<p>\u00bfQUIERES SER VOLUNTARIO DE RUSSAFA ESC\u00c8NICA ? Para Russafa Esc\u00e9nica es muy importante la figura de voluntario@ cultural como agente &hellip; <a href=\"https:\/\/russafaescenica.com\/es\/participa\/voluntariado\/\">Continued<\/a><\/p>\n","protected":false},"author":1,"featured_media":2723,"parent":124,"menu_order":84,"comment_status":"closed","ping_status":"closed","template":"template-participa_simple.php","meta":{"_acf_changed":false,"inline_featured_image":false,"footnotes":""},"class_list":["post-2306","page","type-page","status-publish","has-post-thumbnail","hentry"],"acf":[],"_links":{"self":[{"href":"https:\/\/russafaescenica.com\/es\/wp-json\/wp\/v2\/pages\/2306","targetHints":{"allow":["GET"]}}],"collection":[{"href":"https:\/\/russafaescenica.com\/es\/wp-json\/wp\/v2\/pages"}],"about":[{"href":"https:\/\/russafaescenica.com\/es\/wp-json\/wp\/v2\/types\/page"}],"author":[{"embeddable":true,"href":"https:\/\/russafaescenica.com\/es\/wp-json\/wp\/v2\/users\/1"}],"replies":[{"embeddable":true,"href":"https:\/\/russafaescenica.com\/es\/wp-json\/wp\/v2\/comments?post=2306"}],"version-history":[{"count":16,"href":"https:\/\/russafaescenica.com\/es\/wp-json\/wp\/v2\/pages\/2306\/revisions"}],"predecessor-version":[{"id":11090,"href":"https:\/\/russafaescenica.com\/es\/wp-json\/wp\/v2\/pages\/2306\/revisions\/11090"}],"up":[{"embeddable":true,"href":"https:\/\/russafaescenica.com\/es\/wp-json\/wp\/v2\/pages\/124"}],"wp:featuredmedia":[{"embeddable":true,"href":"https:\/\/russafaescenica.com\/es\/wp-json\/wp\/v2\/media\/2723"}],"wp:attachment":[{"href":"https:\/\/russafaescenica.com\/es\/wp-json\/wp\/v2\/media?parent=2306"}],"curies":[{"name":"wp","href":"https:\/\/api.w.org\/{rel}","templated":true}]}}