{"id":138,"date":"2017-11-29T11:38:02","date_gmt":"2017-11-29T11:38:02","guid":{"rendered":"https:\/\/russafaescenica.com\/?page_id=138"},"modified":"2023-08-17T11:36:54","modified_gmt":"2023-08-17T09:36:54","slug":"contacto","status":"publish","type":"page","link":"https:\/\/russafaescenica.com\/es\/contacto\/","title":{"rendered":"Contacto"},"content":{"rendered":"<p>Para informaci\u00f3n general puedes ponerte en contacto a trav\u00e9s del formulario.<\/p>\n<p><span style=\"color: #999999;\">Direcci\u00f3n.<\/span><br \/>\n<strong>Jer\u00f3nimo Cornelles<\/strong> <a href=\"mailto:direccion@russafaescenica.com\">direccion@russafaescenica.com<\/a><\/p>\n<p><span style=\"color: #999999;\">Protocolo.<\/span><br \/>\n<strong>Aurelia D\u00edaz <\/strong><a href=\"mailto:protocolo@russafaescenica.com\" target=\"_blank\" rel=\"noopener noreferrer\">protocolo@<wbr \/>russafaescenica.com<\/a><\/p>\n<p><span style=\"color: #999999;\">Espacios.<\/span><br \/>\n<strong>Ana Sanahuja <\/strong><a href=\"mailto:ana@russafaescenica.com\">ana@russafaescenica.com<\/a><\/p>\n<p><span style=\"color: #999999;\">Voluntarios.<\/span><br \/>\n<strong>Barbara Trillo-Figueroa <\/strong><a href=\"mailto:barbara@russafaescenica.com\">barbara@russafaescenica.com<\/a><\/p>\n","protected":false},"excerpt":{"rendered":"<p>Para informaci\u00f3n general puedes ponerte en contacto a trav\u00e9s del formulario. Direcci\u00f3n. Jer\u00f3nimo Cornelles direccion@russafaescenica.com Protocolo. Aurelia D\u00edaz protocolo@russafaescenica.com Espacios. &hellip; <a href=\"https:\/\/russafaescenica.com\/es\/contacto\/\">Continued<\/a><\/p>\n","protected":false},"author":1,"featured_media":2717,"parent":0,"menu_order":49,"comment_status":"closed","ping_status":"closed","template":"template-contacto.php","meta":{"_acf_changed":false,"inline_featured_image":false,"footnotes":""},"class_list":["post-138","page","type-page","status-publish","has-post-thumbnail","hentry"],"acf":[],"_links":{"self":[{"href":"https:\/\/russafaescenica.com\/es\/wp-json\/wp\/v2\/pages\/138","targetHints":{"allow":["GET"]}}],"collection":[{"href":"https:\/\/russafaescenica.com\/es\/wp-json\/wp\/v2\/pages"}],"about":[{"href":"https:\/\/russafaescenica.com\/es\/wp-json\/wp\/v2\/types\/page"}],"author":[{"embeddable":true,"href":"https:\/\/russafaescenica.com\/es\/wp-json\/wp\/v2\/users\/1"}],"replies":[{"embeddable":true,"href":"https:\/\/russafaescenica.com\/es\/wp-json\/wp\/v2\/comments?post=138"}],"version-history":[{"count":24,"href":"https:\/\/russafaescenica.com\/es\/wp-json\/wp\/v2\/pages\/138\/revisions"}],"predecessor-version":[{"id":9613,"href":"https:\/\/russafaescenica.com\/es\/wp-json\/wp\/v2\/pages\/138\/revisions\/9613"}],"wp:featuredmedia":[{"embeddable":true,"href":"https:\/\/russafaescenica.com\/es\/wp-json\/wp\/v2\/media\/2717"}],"wp:attachment":[{"href":"https:\/\/russafaescenica.com\/es\/wp-json\/wp\/v2\/media?parent=138"}],"curies":[{"name":"wp","href":"https:\/\/api.w.org\/{rel}","templated":true}]}}