{"id":132,"date":"2017-11-29T11:37:23","date_gmt":"2017-11-29T09:37:23","guid":{"rendered":"https:\/\/russafaescenica.com\/?page_id=132"},"modified":"2024-07-18T19:03:34","modified_gmt":"2024-07-18T17:03:34","slug":"prensa","status":"publish","type":"page","link":"https:\/\/russafaescenica.com\/es\/noticias-y-prensa\/prensa\/","title":{"rendered":"Prensa"},"content":{"rendered":"\n<p>Queremos agradecer, en primer lugar, el inter\u00e9s que medios y periodistas demuestra por este festival edici\u00f3n tras edici\u00f3n.<br>A causa de nuestro formato y de las caracter\u00edsticas especiales de Russafa Esc\u00e8nica \u2013 Festival de Tardor, es imprescindible que cualquier medio interesado en cubrir nuestras actividades y propuestas esc\u00e9nicas, o en hacer alguna entrevista con los artistas y\/o la organizaci\u00f3n, env\u00ede un mail a <a href=\"mailto:mgarciatorres79@gmail.com\" target=\"_blank\" rel=\"noreferrer noopener\">mgarciatorres79@gmail.com<\/a> o llame al tel\u00e9fono 658 23 95 06 con, al menos, 24 horas de antelaci\u00f3n.<\/p>\n\n\n\n<p>El departamento de prensa se pondr\u00e1 en contacto con los solicitantes para confirmar la acreditaci\u00f3n y\/o entrevista.<br>Las compa\u00f1\u00edas se reservan el derecho a impedir la grabaci\u00f3n total o parcial de sus propuestas, decisi\u00f3n que la organizaci\u00f3n se encargar\u00e1 de transmitir debidamente a los medios.<\/p>\n\n\n\n<p><a href=\"https:\/\/russafaescenica.com\/programacion\/\">Aqu\u00ed<\/a> pod\u00e9is consultar la programaci\u00f3n de nuestra XIV edici\u00f3n bajo el lema \u2018Fins ac\u00ed arribar\u00e0 la mar\u2019.<\/p>\n","protected":false},"excerpt":{"rendered":"<p>Queremos agradecer, en primer lugar, el inter\u00e9s que medios y periodistas demuestra por este festival edici\u00f3n tras edici\u00f3n.A causa de &hellip; <a href=\"https:\/\/russafaescenica.com\/es\/noticias-y-prensa\/prensa\/\">Continued<\/a><\/p>\n","protected":false},"author":1,"featured_media":2717,"parent":7006,"menu_order":8,"comment_status":"closed","ping_status":"closed","template":"template-basica.php","meta":{"_acf_changed":false,"inline_featured_image":false,"footnotes":""},"class_list":["post-132","page","type-page","status-publish","has-post-thumbnail","hentry"],"acf":[],"_links":{"self":[{"href":"https:\/\/russafaescenica.com\/es\/wp-json\/wp\/v2\/pages\/132","targetHints":{"allow":["GET"]}}],"collection":[{"href":"https:\/\/russafaescenica.com\/es\/wp-json\/wp\/v2\/pages"}],"about":[{"href":"https:\/\/russafaescenica.com\/es\/wp-json\/wp\/v2\/types\/page"}],"author":[{"embeddable":true,"href":"https:\/\/russafaescenica.com\/es\/wp-json\/wp\/v2\/users\/1"}],"replies":[{"embeddable":true,"href":"https:\/\/russafaescenica.com\/es\/wp-json\/wp\/v2\/comments?post=132"}],"version-history":[{"count":29,"href":"https:\/\/russafaescenica.com\/es\/wp-json\/wp\/v2\/pages\/132\/revisions"}],"predecessor-version":[{"id":10518,"href":"https:\/\/russafaescenica.com\/es\/wp-json\/wp\/v2\/pages\/132\/revisions\/10518"}],"up":[{"embeddable":true,"href":"https:\/\/russafaescenica.com\/es\/wp-json\/wp\/v2\/pages\/7006"}],"wp:featuredmedia":[{"embeddable":true,"href":"https:\/\/russafaescenica.com\/es\/wp-json\/wp\/v2\/media\/2717"}],"wp:attachment":[{"href":"https:\/\/russafaescenica.com\/es\/wp-json\/wp\/v2\/media?parent=132"}],"curies":[{"name":"wp","href":"https:\/\/api.w.org\/{rel}","templated":true}]}}