{"id":130,"date":"2017-11-29T11:37:07","date_gmt":"2017-11-29T11:37:07","guid":{"rendered":"https:\/\/russafaescenica.com\/?page_id=130"},"modified":"2023-09-15T18:55:38","modified_gmt":"2023-09-15T16:55:38","slug":"entradas","status":"publish","type":"page","link":"https:\/\/russafaescenica.com\/es\/entradas\/","title":{"rendered":"Venta de entradas y oficina"},"content":{"rendered":"\n<h4 class=\"wp-block-heading\">1.Venta on-line<\/h4>\n\n\n\n<ul class=\"wp-block-list\"><li>Puedes comprar entradas ON LINE de cada propuesta hasta 10 minutos antes de comenzar el espect\u00e1culo.<\/li><li>Las entradas ON LINE son 10 c\u00e9ntimos m\u00e1s econ\u00f3micas que las entradas que compres de manera presencial en nuestra oficina.<\/li><\/ul>\n\n\n\n<p class=\"bot_compra\"><a href=\"http:\/\/russafaescenica.servientradas.net\/PROGRAMACION-ESPECTACULOS.html\" data-type=\"URL\">Comprar entradas ON-LINE<\/a><\/p>\n\n\n\n\n\n<h4 class=\"wp-block-heading\">2.De forma presencial en nuestra oficina<\/h4>\n\n\n","protected":false},"excerpt":{"rendered":"<p>1.Venta on-line Puedes comprar entradas ON LINE de cada propuesta hasta 10 minutos antes de comenzar el espect\u00e1culo. Las entradas &hellip; <a href=\"https:\/\/russafaescenica.com\/es\/entradas\/\">Continued<\/a><\/p>\n","protected":false},"author":1,"featured_media":2321,"parent":0,"menu_order":52,"comment_status":"closed","ping_status":"closed","template":"template-entrada.php","meta":{"_acf_changed":false,"inline_featured_image":false,"footnotes":""},"class_list":["post-130","page","type-page","status-publish","has-post-thumbnail","hentry"],"acf":[],"_links":{"self":[{"href":"https:\/\/russafaescenica.com\/es\/wp-json\/wp\/v2\/pages\/130","targetHints":{"allow":["GET"]}}],"collection":[{"href":"https:\/\/russafaescenica.com\/es\/wp-json\/wp\/v2\/pages"}],"about":[{"href":"https:\/\/russafaescenica.com\/es\/wp-json\/wp\/v2\/types\/page"}],"author":[{"embeddable":true,"href":"https:\/\/russafaescenica.com\/es\/wp-json\/wp\/v2\/users\/1"}],"replies":[{"embeddable":true,"href":"https:\/\/russafaescenica.com\/es\/wp-json\/wp\/v2\/comments?post=130"}],"version-history":[{"count":61,"href":"https:\/\/russafaescenica.com\/es\/wp-json\/wp\/v2\/pages\/130\/revisions"}],"predecessor-version":[{"id":10027,"href":"https:\/\/russafaescenica.com\/es\/wp-json\/wp\/v2\/pages\/130\/revisions\/10027"}],"wp:featuredmedia":[{"embeddable":true,"href":"https:\/\/russafaescenica.com\/es\/wp-json\/wp\/v2\/media\/2321"}],"wp:attachment":[{"href":"https:\/\/russafaescenica.com\/es\/wp-json\/wp\/v2\/media?parent=130"}],"curies":[{"name":"wp","href":"https:\/\/api.w.org\/{rel}","templated":true}]}}