{"id":128,"date":"2017-11-29T11:36:54","date_gmt":"2017-11-29T09:36:54","guid":{"rendered":"https:\/\/russafaescenica.com\/?page_id=128"},"modified":"2019-04-23T20:45:56","modified_gmt":"2019-04-23T18:45:56","slug":"actividades-paralelas","status":"publish","type":"page","link":"https:\/\/russafaescenica.com\/es\/programacion\/actividades-paralelas\/","title":{"rendered":"Actividades paralelas"},"content":{"rendered":"<p>Conciertos al aire libre,\u00a0arquitectura, debates en torno al concepto lema de la edici\u00f3n, <strong>reflexiones sobre la transformaci\u00f3n del barrio de Russafa, visitas guiadas, jornadas y cursos formativos, proyecci\u00f3n de pel\u00edculas, talleres, actividades para programadores<\/strong>\u2026 Actividades sat\u00e9lite que refuerzan cada una de las ediciones de Russafa Esc\u00e8nica.<\/p>\n<h6 style=\"text-align: center;\">\u00bfTe las vas a perder?<\/h6>\n","protected":false},"excerpt":{"rendered":"<p>Conciertos al aire libre,\u00a0arquitectura, debates en torno al concepto lema de la edici\u00f3n, reflexiones sobre la transformaci\u00f3n del barrio de &hellip; <a href=\"https:\/\/russafaescenica.com\/es\/programacion\/actividades-paralelas\/\">Continued<\/a><\/p>\n","protected":false},"author":1,"featured_media":2297,"parent":126,"menu_order":96,"comment_status":"closed","ping_status":"closed","template":"template-actividades.php","meta":{"_acf_changed":false,"inline_featured_image":false,"footnotes":""},"class_list":["post-128","page","type-page","status-publish","has-post-thumbnail","hentry"],"acf":[],"_links":{"self":[{"href":"https:\/\/russafaescenica.com\/es\/wp-json\/wp\/v2\/pages\/128","targetHints":{"allow":["GET"]}}],"collection":[{"href":"https:\/\/russafaescenica.com\/es\/wp-json\/wp\/v2\/pages"}],"about":[{"href":"https:\/\/russafaescenica.com\/es\/wp-json\/wp\/v2\/types\/page"}],"author":[{"embeddable":true,"href":"https:\/\/russafaescenica.com\/es\/wp-json\/wp\/v2\/users\/1"}],"replies":[{"embeddable":true,"href":"https:\/\/russafaescenica.com\/es\/wp-json\/wp\/v2\/comments?post=128"}],"version-history":[{"count":10,"href":"https:\/\/russafaescenica.com\/es\/wp-json\/wp\/v2\/pages\/128\/revisions"}],"predecessor-version":[{"id":4619,"href":"https:\/\/russafaescenica.com\/es\/wp-json\/wp\/v2\/pages\/128\/revisions\/4619"}],"up":[{"embeddable":true,"href":"https:\/\/russafaescenica.com\/es\/wp-json\/wp\/v2\/pages\/126"}],"wp:featuredmedia":[{"embeddable":true,"href":"https:\/\/russafaescenica.com\/es\/wp-json\/wp\/v2\/media\/2297"}],"wp:attachment":[{"href":"https:\/\/russafaescenica.com\/es\/wp-json\/wp\/v2\/media?parent=128"}],"curies":[{"name":"wp","href":"https:\/\/api.w.org\/{rel}","templated":true}]}}