{"id":124,"date":"2017-11-29T11:36:18","date_gmt":"2017-11-29T11:36:18","guid":{"rendered":"https:\/\/russafaescenica.com\/?page_id=124"},"modified":"2026-04-21T17:56:54","modified_gmt":"2026-04-21T15:56:54","slug":"participa","status":"publish","type":"page","link":"https:\/\/russafaescenica.com\/es\/participa\/","title":{"rendered":"Participa"},"content":{"rendered":"<p>Desde la organizaci\u00f3n de Russafa Esc\u00e8nica sabemos que si este proyecto existe es gracias a la participaci\u00f3n e implicaci\u00f3n de las las personas. As\u00ed pues queremos animarte a que sigas participando ya que eres t\u00fa quien hace grande este sue\u00f1o.<\/p>\n<p><strong>\u00bfC\u00f3mo?<\/strong> Puedes hacerlo de muchas maneras, con proyecto esc\u00e9nico, apadrin\u00e1ndonos, cediendo un espacio, con <strong>una foto, siendo voluntario, participando en la campa\u00f1a de micromecenazgo, consiguiendo un pase y viniendo a ver las propuestas durante los d\u00edas del festival\u2026<\/strong><\/p>\n<p>En el lado izquierdo de esta p\u00e1gina tienes un men\u00fa con todas las formas que se nos ha ocurrido para que si quieres, puedas participar. No obstante, si se te ocurre alguna otra, no dudes en ponerte en contacto con nosotros.<\/p>\n","protected":false},"excerpt":{"rendered":"<p>Desde la organizaci\u00f3n de Russafa Esc\u00e8nica sabemos que si este proyecto existe es gracias a la participaci\u00f3n e implicaci\u00f3n de &hellip; <a href=\"https:\/\/russafaescenica.com\/es\/participa\/\">Continued<\/a><\/p>\n","protected":false},"author":1,"featured_media":2718,"parent":0,"menu_order":58,"comment_status":"closed","ping_status":"closed","template":"template-participa_simple.php","meta":{"_acf_changed":false,"inline_featured_image":false,"footnotes":""},"class_list":["post-124","page","type-page","status-publish","has-post-thumbnail","hentry"],"acf":[],"_links":{"self":[{"href":"https:\/\/russafaescenica.com\/es\/wp-json\/wp\/v2\/pages\/124","targetHints":{"allow":["GET"]}}],"collection":[{"href":"https:\/\/russafaescenica.com\/es\/wp-json\/wp\/v2\/pages"}],"about":[{"href":"https:\/\/russafaescenica.com\/es\/wp-json\/wp\/v2\/types\/page"}],"author":[{"embeddable":true,"href":"https:\/\/russafaescenica.com\/es\/wp-json\/wp\/v2\/users\/1"}],"replies":[{"embeddable":true,"href":"https:\/\/russafaescenica.com\/es\/wp-json\/wp\/v2\/comments?post=124"}],"version-history":[{"count":7,"href":"https:\/\/russafaescenica.com\/es\/wp-json\/wp\/v2\/pages\/124\/revisions"}],"predecessor-version":[{"id":12094,"href":"https:\/\/russafaescenica.com\/es\/wp-json\/wp\/v2\/pages\/124\/revisions\/12094"}],"wp:featuredmedia":[{"embeddable":true,"href":"https:\/\/russafaescenica.com\/es\/wp-json\/wp\/v2\/media\/2718"}],"wp:attachment":[{"href":"https:\/\/russafaescenica.com\/es\/wp-json\/wp\/v2\/media?parent=124"}],"curies":[{"name":"wp","href":"https:\/\/api.w.org\/{rel}","templated":true}]}}